{"id":369,"date":"2020-06-22T10:11:03","date_gmt":"2020-06-22T10:11:03","guid":{"rendered":"http:\/\/sanpablo.hotelalvarubeda.es\/?page_id=369"},"modified":"2021-07-12T07:43:51","modified_gmt":"2021-07-12T07:43:51","slug":"entorno","status":"publish","type":"page","link":"http:\/\/sanpablo.hotelalvarubeda.es\/index.php\/entorno\/","title":{"rendered":"Entorno Apartamentos"},"content":{"rendered":"<p>[et_pb_section fb_built=\u00bb1&#8243; fullwidth=\u00bbon\u00bb _builder_version=\u00bb4.4.3&#8243; hover_enabled=\u00bb0&#8243;][et_pb_fullwidth_slider _builder_version=\u00bb4.4.3&#8243; hover_enabled=\u00bb0&#8243;][et_pb_slide heading=\u00bbBas\u00edlica de Santa Mar\u00eda\u00bb _builder_version=\u00bb4.4.3&#8243; background_image=\u00bbhttp:\/\/sanpablo.hotelalvarubeda.es\/wp-content\/uploads\/2021\/07\/Basilica_de_Santa_Maria_de_los_Reales_Alcazares_Ubeda_Spain-scaled.jpg\u00bb background_enable_image=\u00bbon\u00bb hover_enabled=\u00bb0&#8243;][\/et_pb_slide][et_pb_slide heading=\u00bbEl salvador\u00bb _builder_version=\u00bb4.4.3&#8243; hover_enabled=\u00bb0&#8243; background_image=\u00bbhttp:\/\/sanpablo.hotelalvarubeda.es\/wp-content\/uploads\/2020\/06\/header-2.jpg\u00bb background_enable_image=\u00bbon\u00bb][\/et_pb_slide][et_pb_slide heading=\u00bbHospital de Santiago\u00bb _builder_version=\u00bb4.4.3&#8243; background_image=\u00bbhttp:\/\/sanpablo.hotelalvarubeda.es\/wp-content\/uploads\/2021\/07\/fachada_hospital_de_santiago_1284x642_q75_middle.jpg\u00bb background_enable_image=\u00bbon\u00bb hover_enabled=\u00bb0&#8243;][\/et_pb_slide][\/et_pb_fullwidth_slider][\/et_pb_section][et_pb_section fb_built=\u00bb1&#8243; _builder_version=\u00bb3.29.3&#8243;][et_pb_row _builder_version=\u00bb3.29.3&#8243;][et_pb_column type=\u00bb4_4&#8243; _builder_version=\u00bb3.29.3&#8243;][et_pb_text module_class=\u00bbsection-title\u00bb _builder_version=\u00bb4.4.3&#8243; animation_style=\u00bbfade\u00bb]<\/p>\n<h6 style=\"text-align: center;\">UNA EXPERIENCIA INOLVIDABLE<\/h6>\n<p>[\/et_pb_text][et_pb_text _builder_version=\u00bb4.4.3&#8243; animation_style=\u00bbfade\u00bb]<\/p>\n<h2 style=\"text-align: center;\">Elige \u00dabeda.<\/h2>\n<h2 style=\"text-align: center;\">Elige cultura.<\/h2>\n<p>[\/et_pb_text][et_pb_text _builder_version=\u00bb4.4.3&#8243; animation_style=\u00bbfade\u00bb]<\/p>\n<h6 style=\"text-align: center;\">Ciudad renacentista y Patrimonio Cultural de la Humanidad<\/h6>\n<p>[\/et_pb_text][\/et_pb_column][\/et_pb_row][et_pb_row _builder_version=\u00bb3.29.3&#8243;][et_pb_column type=\u00bb4_4&#8243; _builder_version=\u00bb3.29.3&#8243;][et_pb_text _builder_version=\u00bb4.4.3&#8243; animation_style=\u00bbfade\u00bb]<\/p>\n<p style=\"text-align: center;\">\u00bfEst\u00e1 organizado tu<strong> viaje por Ja\u00e9n<\/strong>? Entonces la ciudad de \u00dabeda es parada obligatoria para disfrutar de sus palacetes renacentistas y del aceite de oliva que riega su gastronom\u00eda.<\/p>\n<p>[\/et_pb_text][et_pb_text _builder_version=\u00bb4.4.3&#8243; animation_style=\u00bbfade\u00bb]<\/p>\n<p style=\"text-align: center;\">Tanto si buscas una <strong>escapada rom\u00e1ntica<\/strong> de fin de semana como si quieres un destino familiar lleno de cultura, \u00dabeda se adapta a tus deseos.\u00a0<\/p>\n<p>[\/et_pb_text][et_pb_text _builder_version=\u00bb4.4.3&#8243; animation_style=\u00bbfade\u00bb]<\/p>\n<p style=\"text-align: center;\">\u00bfSab\u00edas que est\u00e1 considerada una de las<strong> ciudades m\u00e1s bonitas<\/strong> de Espa\u00f1a?<\/p>\n<p>[\/et_pb_text][\/et_pb_column][\/et_pb_row][\/et_pb_section][et_pb_section fb_built=\u00bb1&#8243; _builder_version=\u00bb3.29.3&#8243; background_image=\u00bbhttp:\/\/sanpablo.hotelalvarubeda.es\/wp-content\/uploads\/2020\/06\/body.jpg\u00bb][et_pb_row _builder_version=\u00bb4.4.3&#8243;][et_pb_column type=\u00bb4_4&#8243; _builder_version=\u00bb4.4.3&#8243;][et_pb_divider show_divider=\u00bboff\u00bb _builder_version=\u00bb4.4.3&#8243; height=\u00bb319px\u00bb][\/et_pb_divider][\/et_pb_column][\/et_pb_row][\/et_pb_section][et_pb_section fb_built=\u00bb1&#8243; _builder_version=\u00bb3.29.3&#8243;][et_pb_row _builder_version=\u00bb3.29.3&#8243;][et_pb_column type=\u00bb4_4&#8243; _builder_version=\u00bb3.29.3&#8243;][et_pb_text _builder_version=\u00bb4.4.3&#8243; animation_style=\u00bbfade\u00bb]<\/p>\n<p style=\"text-align: center;\">Ser\u00e1n sus m\u00e1s de 40 monumentos o sus tiendas de artesan\u00eda y cantinas llenas de suculentas tapas. Lo cierto es que \u00dabeda enamora tanto como su entorno.<\/p>\n<p>[\/et_pb_text][et_pb_text _builder_version=\u00bb4.4.3&#8243; animation_style=\u00bbfade\u00bb]<\/p>\n<p style=\"text-align: center;\">Adem\u00e1s de pasear por el casco hist\u00f3rico te recomendamos hacer una excursi\u00f3n al <strong>parque natural de Sierra M\u00e1gina<\/strong> o visitar a nuestra bonita vecina Baeza.<\/p>\n<p>[\/et_pb_text][et_pb_text _builder_version=\u00bb4.4.3&#8243; animation_style=\u00bbfade\u00bb]<\/p>\n<p style=\"text-align: center;\">Y despu\u00e9s de las visitas, regresa a un oasis en medio de la ciudad. En <strong>Apartamentos San Pablo<\/strong> contamos con una localizaci\u00f3n incre\u00edble. A dos pasos de Calle Real y frente a la Sinagoga del Agua.<\/p>\n<p>[\/et_pb_text][et_pb_text _builder_version=\u00bb4.4.3&#8243; animation_style=\u00bbfade\u00bb]<\/p>\n<p style=\"text-align: center;\">Elige uno de los dos apartamentos con capacidad para 4 y 6 personas y descubre la verdadera comodidad en la\u00a0\u00abciudad de los cerros\u00bb<\/p>\n<p>[\/et_pb_text][\/et_pb_column][\/et_pb_row][et_pb_row _builder_version=\u00bb3.29.3&#8243;][et_pb_column type=\u00bb4_4&#8243; _builder_version=\u00bb3.29.3&#8243;][et_pb_text _builder_version=\u00bb4.4.3&#8243; animation_style=\u00bbfade\u00bb]<\/p>\n<p style=\"text-align: center;\"><strong>RESERVA AHORA AL MEJOR PRECIO<\/strong><\/p>\n<p>[\/et_pb_text][\/et_pb_column][\/et_pb_row][\/et_pb_section][et_pb_section fb_built=\u00bb1&#8243; module_class=\u00bbsection-bookingform\u00bb _builder_version=\u00bb4.4.3&#8243; background_color=\u00bb#2d3b42&#8243; custom_padding=\u00bb0px||0px|||\u00bb global_module=\u00bb651&#8243;][et_pb_row column_structure=\u00bb1_3,1_3,1_3&#8243; _builder_version=\u00bb4.4.3&#8243;][et_pb_column type=\u00bb1_3&#8243; _builder_version=\u00bb4.4.3&#8243;][\/et_pb_column][et_pb_column type=\u00bb1_3&#8243; _builder_version=\u00bb4.4.3&#8243;][et_pb_button button_url=\u00bbhttps:\/\/alvarhotel.pruebas.tic4you.com\/index.php\/widget-reserva\/\u00bb button_text=\u00bbComprueba disponibilidad\u00bb button_alignment=\u00bbcenter\u00bb _builder_version=\u00bb4.4.3&#8243; custom_button=\u00bbon\u00bb button_text_size=\u00bb20px\u00bb custom_margin=\u00bb8px||8px||true|false\u00bb][\/et_pb_button][\/et_pb_column][et_pb_column type=\u00bb1_3&#8243; _builder_version=\u00bb4.4.3&#8243;][\/et_pb_column][\/et_pb_row][\/et_pb_section][et_pb_section fb_built=\u00bb1&#8243; _builder_version=\u00bb3.29.3&#8243; background_image=\u00bbhttp:\/\/sanpablo.hotelalvarubeda.es\/wp-content\/uploads\/2020\/06\/footer.jpg\u00bb][et_pb_row _builder_version=\u00bb3.29.3&#8243;][et_pb_column type=\u00bb4_4&#8243; _builder_version=\u00bb3.29.3&#8243;][et_pb_text _builder_version=\u00bb4.4.3&#8243; animation_style=\u00bbfade\u00bb]<\/p>\n<h2 style=\"text-align: center;\"><span style=\"color: #ffffff;\">\u00bfEn qu\u00e9 podemos ayudarte?<\/span><\/h2>\n<p>[\/et_pb_text][et_pb_text _builder_version=\u00bb4.4.3&#8243; animation_style=\u00bbfade\u00bb]<\/p>\n<h6 style=\"text-align: center;\"><span style=\"color: #ffffff;\">Estaremos encantados de atenderte\u00a0<\/span><\/h6>\n<p>[\/et_pb_text][et_pb_divider color=\u00bb#ffffff\u00bb _builder_version=\u00bb4.4.3&#8243; width=\u00bb29%\u00bb module_alignment=\u00bbcenter\u00bb animation_style=\u00bbfade\u00bb][\/et_pb_divider][et_pb_text _builder_version=\u00bb4.4.3&#8243; animation_style=\u00bbfade\u00bb]<\/p>\n<p style=\"text-align: center;\"><span style=\"color: #ffffff;\">Rellene el formulario y nos pondremos en contacto con usted lo antes posible<\/span><\/p>\n<p>[\/et_pb_text][\/et_pb_column][\/et_pb_row][\/et_pb_section][et_pb_section fb_built=\u00bb1&#8243; _builder_version=\u00bb3.29.3&#8243;][et_pb_row _builder_version=\u00bb3.29.3&#8243;][et_pb_column type=\u00bb4_4&#8243; _builder_version=\u00bb3.29.3&#8243;][et_pb_contact_form submit_button_text=\u00bbEnviar formulario\u00bb _builder_version=\u00bb3.29.3&#8243; form_field_text_color=\u00bb#000000&#8243; title_text_color=\u00bb#000000&#8243;][et_pb_contact_field field_id=\u00bbName\u00bb field_title=\u00bbNombre\u00bb _builder_version=\u00bb3.29.3&#8243; button_text_size__hover_enabled=\u00bboff\u00bb button_one_text_size__hover_enabled=\u00bboff\u00bb button_two_text_size__hover_enabled=\u00bboff\u00bb button_text_color__hover_enabled=\u00bboff\u00bb button_one_text_color__hover_enabled=\u00bboff\u00bb button_two_text_color__hover_enabled=\u00bboff\u00bb button_border_width__hover_enabled=\u00bboff\u00bb button_one_border_width__hover_enabled=\u00bboff\u00bb button_two_border_width__hover_enabled=\u00bboff\u00bb button_border_color__hover_enabled=\u00bboff\u00bb button_one_border_color__hover_enabled=\u00bboff\u00bb button_two_border_color__hover_enabled=\u00bboff\u00bb button_border_radius__hover_enabled=\u00bboff\u00bb button_one_border_radius__hover_enabled=\u00bboff\u00bb button_two_border_radius__hover_enabled=\u00bboff\u00bb button_letter_spacing__hover_enabled=\u00bboff\u00bb button_one_letter_spacing__hover_enabled=\u00bboff\u00bb button_two_letter_spacing__hover_enabled=\u00bboff\u00bb button_bg_color__hover_enabled=\u00bboff\u00bb button_one_bg_color__hover_enabled=\u00bboff\u00bb button_two_bg_color__hover_enabled=\u00bboff\u00bb][\/et_pb_contact_field][et_pb_contact_field field_id=\u00bbEmail\u00bb field_title=\u00bbEmail \u00bb field_type=\u00bbemail\u00bb _builder_version=\u00bb3.29.3&#8243; button_text_size__hover_enabled=\u00bboff\u00bb button_one_text_size__hover_enabled=\u00bboff\u00bb button_two_text_size__hover_enabled=\u00bboff\u00bb button_text_color__hover_enabled=\u00bboff\u00bb button_one_text_color__hover_enabled=\u00bboff\u00bb button_two_text_color__hover_enabled=\u00bboff\u00bb button_border_width__hover_enabled=\u00bboff\u00bb button_one_border_width__hover_enabled=\u00bboff\u00bb button_two_border_width__hover_enabled=\u00bboff\u00bb button_border_color__hover_enabled=\u00bboff\u00bb button_one_border_color__hover_enabled=\u00bboff\u00bb button_two_border_color__hover_enabled=\u00bboff\u00bb button_border_radius__hover_enabled=\u00bboff\u00bb button_one_border_radius__hover_enabled=\u00bboff\u00bb button_two_border_radius__hover_enabled=\u00bboff\u00bb button_letter_spacing__hover_enabled=\u00bboff\u00bb button_one_letter_spacing__hover_enabled=\u00bboff\u00bb button_two_letter_spacing__hover_enabled=\u00bboff\u00bb button_bg_color__hover_enabled=\u00bboff\u00bb button_one_bg_color__hover_enabled=\u00bboff\u00bb button_two_bg_color__hover_enabled=\u00bboff\u00bb][\/et_pb_contact_field][et_pb_contact_field field_id=\u00bbCiudad\u00bb field_title=\u00bbCiudad\u00bb field_type=\u00bbemail\u00bb _builder_version=\u00bb3.29.3&#8243; button_text_size__hover_enabled=\u00bboff\u00bb button_one_text_size__hover_enabled=\u00bboff\u00bb button_two_text_size__hover_enabled=\u00bboff\u00bb button_text_color__hover_enabled=\u00bboff\u00bb button_one_text_color__hover_enabled=\u00bboff\u00bb button_two_text_color__hover_enabled=\u00bboff\u00bb button_border_width__hover_enabled=\u00bboff\u00bb button_one_border_width__hover_enabled=\u00bboff\u00bb button_two_border_width__hover_enabled=\u00bboff\u00bb button_border_color__hover_enabled=\u00bboff\u00bb button_one_border_color__hover_enabled=\u00bboff\u00bb button_two_border_color__hover_enabled=\u00bboff\u00bb button_border_radius__hover_enabled=\u00bboff\u00bb button_one_border_radius__hover_enabled=\u00bboff\u00bb button_two_border_radius__hover_enabled=\u00bboff\u00bb button_letter_spacing__hover_enabled=\u00bboff\u00bb button_one_letter_spacing__hover_enabled=\u00bboff\u00bb button_two_letter_spacing__hover_enabled=\u00bboff\u00bb button_bg_color__hover_enabled=\u00bboff\u00bb button_one_bg_color__hover_enabled=\u00bboff\u00bb button_two_bg_color__hover_enabled=\u00bboff\u00bb][\/et_pb_contact_field][et_pb_contact_field field_id=\u00bbTelefono\u00bb field_title=\u00bbTel\u00e9fono\u00bb field_type=\u00bbemail\u00bb _builder_version=\u00bb3.29.3&#8243; button_text_size__hover_enabled=\u00bboff\u00bb button_one_text_size__hover_enabled=\u00bboff\u00bb button_two_text_size__hover_enabled=\u00bboff\u00bb button_text_color__hover_enabled=\u00bboff\u00bb button_one_text_color__hover_enabled=\u00bboff\u00bb button_two_text_color__hover_enabled=\u00bboff\u00bb button_border_width__hover_enabled=\u00bboff\u00bb button_one_border_width__hover_enabled=\u00bboff\u00bb button_two_border_width__hover_enabled=\u00bboff\u00bb button_border_color__hover_enabled=\u00bboff\u00bb button_one_border_color__hover_enabled=\u00bboff\u00bb button_two_border_color__hover_enabled=\u00bboff\u00bb button_border_radius__hover_enabled=\u00bboff\u00bb button_one_border_radius__hover_enabled=\u00bboff\u00bb button_two_border_radius__hover_enabled=\u00bboff\u00bb button_letter_spacing__hover_enabled=\u00bboff\u00bb button_one_letter_spacing__hover_enabled=\u00bboff\u00bb button_two_letter_spacing__hover_enabled=\u00bboff\u00bb button_bg_color__hover_enabled=\u00bboff\u00bb button_one_bg_color__hover_enabled=\u00bboff\u00bb button_two_bg_color__hover_enabled=\u00bboff\u00bb][\/et_pb_contact_field][et_pb_contact_field field_id=\u00bbMessage\u00bb field_title=\u00bbMensaje\u00bb field_type=\u00bbtext\u00bb fullwidth_field=\u00bbon\u00bb _builder_version=\u00bb3.29.3&#8243; button_text_size__hover_enabled=\u00bboff\u00bb button_one_text_size__hover_enabled=\u00bboff\u00bb button_two_text_size__hover_enabled=\u00bboff\u00bb button_text_color__hover_enabled=\u00bboff\u00bb button_one_text_color__hover_enabled=\u00bboff\u00bb button_two_text_color__hover_enabled=\u00bboff\u00bb button_border_width__hover_enabled=\u00bboff\u00bb button_one_border_width__hover_enabled=\u00bboff\u00bb button_two_border_width__hover_enabled=\u00bboff\u00bb button_border_color__hover_enabled=\u00bboff\u00bb button_one_border_color__hover_enabled=\u00bboff\u00bb button_two_border_color__hover_enabled=\u00bboff\u00bb button_border_radius__hover_enabled=\u00bboff\u00bb button_one_border_radius__hover_enabled=\u00bboff\u00bb button_two_border_radius__hover_enabled=\u00bboff\u00bb button_letter_spacing__hover_enabled=\u00bboff\u00bb button_one_letter_spacing__hover_enabled=\u00bboff\u00bb button_two_letter_spacing__hover_enabled=\u00bboff\u00bb button_bg_color__hover_enabled=\u00bboff\u00bb button_one_bg_color__hover_enabled=\u00bboff\u00bb button_two_bg_color__hover_enabled=\u00bboff\u00bb][\/et_pb_contact_field][\/et_pb_contact_form][\/et_pb_column][\/et_pb_row][et_pb_row column_structure=\u00bb1_2,1_2&#8243; _builder_version=\u00bb3.29.3&#8243;][et_pb_column type=\u00bb1_2&#8243; _builder_version=\u00bb3.29.3&#8243;][et_pb_image src=\u00bbhttp:\/\/sanpablo.hotelalvarubeda.es\/wp-content\/uploads\/2020\/02\/ubeda.jpg\u00bb align=\u00bbright\u00bb _builder_version=\u00bb3.29.3&#8243; width=\u00bb38%\u00bb][\/et_pb_image][\/et_pb_column][et_pb_column type=\u00bb1_2&#8243; _builder_version=\u00bb3.29.3&#8243;][et_pb_image src=\u00bbhttp:\/\/sanpablo.hotelalvarubeda.es\/wp-content\/uploads\/2020\/02\/jaen.jpg\u00bb _builder_version=\u00bb3.29.3&#8243; width=\u00bb38%\u00bb][\/et_pb_image][\/et_pb_column][\/et_pb_row][\/et_pb_section]<\/p>\n","protected":false},"excerpt":{"rendered":"<p>[et_pb_section fb_built=\u00bb1&#8243; fullwidth=\u00bbon\u00bb _builder_version=\u00bb4.4.3&#8243; hover_enabled=\u00bb0&#8243;][et_pb_fullwidth_slider _builder_version=\u00bb4.4.3&#8243; hover_enabled=\u00bb0&#8243;][et_pb_slide heading=\u00bbBas\u00edlica de Santa Mar\u00eda\u00bb _builder_version=\u00bb4.4.3&#8243; background_image=\u00bbhttp:\/\/sanpablo.hotelalvarubeda.es\/wp-content\/uploads\/2021\/07\/Basilica_de_Santa_Maria_de_los_Reales_Alcazares_Ubeda_Spain-scaled.jpg\u00bb background_enable_image=\u00bbon\u00bb hover_enabled=\u00bb0&#8243;][\/et_pb_slide][et_pb_slide heading=\u00bbEl salvador\u00bb _builder_version=\u00bb4.4.3&#8243; hover_enabled=\u00bb0&#8243; background_image=\u00bbhttp:\/\/sanpablo.hotelalvarubeda.es\/wp-content\/uploads\/2020\/06\/header-2.jpg\u00bb background_enable_image=\u00bbon\u00bb][\/et_pb_slide][et_pb_slide heading=\u00bbHospital de Santiago\u00bb _builder_version=\u00bb4.4.3&#8243; background_image=\u00bbhttp:\/\/sanpablo.hotelalvarubeda.es\/wp-content\/uploads\/2021\/07\/fachada_hospital_de_santiago_1284x642_q75_middle.jpg\u00bb background_enable_image=\u00bbon\u00bb hover_enabled=\u00bb0&#8243;][\/et_pb_slide][\/et_pb_fullwidth_slider][\/et_pb_section][et_pb_section fb_built=\u00bb1&#8243; _builder_version=\u00bb3.29.3&#8243;][et_pb_row _builder_version=\u00bb3.29.3&#8243;][et_pb_column type=\u00bb4_4&#8243; _builder_version=\u00bb3.29.3&#8243;][et_pb_text module_class=\u00bbsection-title\u00bb _builder_version=\u00bb4.4.3&#8243; animation_style=\u00bbfade\u00bb] UNA EXPERIENCIA INOLVIDABLE [\/et_pb_text][et_pb_text _builder_version=\u00bb4.4.3&#8243; animation_style=\u00bbfade\u00bb] Elige \u00dabeda. Elige cultura. [\/et_pb_text][et_pb_text _builder_version=\u00bb4.4.3&#8243; animation_style=\u00bbfade\u00bb] Ciudad renacentista y Patrimonio Cultural de [&hellip;]<\/p>\n","protected":false},"author":2,"featured_media":0,"parent":0,"menu_order":0,"comment_status":"closed","ping_status":"closed","template":"","meta":{"_et_pb_use_builder":"on","_et_pb_old_content":"","_et_gb_content_width":""},"_links":{"self":[{"href":"http:\/\/sanpablo.hotelalvarubeda.es\/index.php\/wp-json\/wp\/v2\/pages\/369"}],"collection":[{"href":"http:\/\/sanpablo.hotelalvarubeda.es\/index.php\/wp-json\/wp\/v2\/pages"}],"about":[{"href":"http:\/\/sanpablo.hotelalvarubeda.es\/index.php\/wp-json\/wp\/v2\/types\/page"}],"author":[{"embeddable":true,"href":"http:\/\/sanpablo.hotelalvarubeda.es\/index.php\/wp-json\/wp\/v2\/users\/2"}],"replies":[{"embeddable":true,"href":"http:\/\/sanpablo.hotelalvarubeda.es\/index.php\/wp-json\/wp\/v2\/comments?post=369"}],"version-history":[{"count":13,"href":"http:\/\/sanpablo.hotelalvarubeda.es\/index.php\/wp-json\/wp\/v2\/pages\/369\/revisions"}],"predecessor-version":[{"id":703,"href":"http:\/\/sanpablo.hotelalvarubeda.es\/index.php\/wp-json\/wp\/v2\/pages\/369\/revisions\/703"}],"wp:attachment":[{"href":"http:\/\/sanpablo.hotelalvarubeda.es\/index.php\/wp-json\/wp\/v2\/media?parent=369"}],"curies":[{"name":"wp","href":"https:\/\/api.w.org\/{rel}","templated":true}]}}